{"id":551,"date":"2021-11-18T13:39:58","date_gmt":"2021-11-18T12:39:58","guid":{"rendered":"https:\/\/www.hoteldeparis-moulins.com\/?page_id=551"},"modified":"2021-11-22T17:29:03","modified_gmt":"2021-11-22T16:29:03","slug":"lallier-op-de-fiets","status":"publish","type":"page","link":"https:\/\/www.hoteldeparis-moulins.com\/nl\/activites-decouvertes\/lallier-a-velo\/","title":{"rendered":"De Allier met de fiets"},"content":{"rendered":"<div data-elementor-type=\"wp-page\" data-elementor-id=\"551\" class=\"elementor elementor-551\" data-elementor-post-type=\"page\">\n\t\t\t\t\t\t<section class=\"elementor-section elementor-top-section elementor-element elementor-element-30c4e13d elementor-section-height-min-height elementor-section-boxed elementor-section-height-default elementor-section-items-middle\" data-id=\"30c4e13d\" data-element_type=\"section\" data-e-type=\"section\" data-settings=\"{&quot;background_background&quot;:&quot;classic&quot;}\">\n\t\t\t\t\t\t\t<div class=\"elementor-background-overlay\"><\/div>\n\t\t\t\t\t\t\t<div class=\"elementor-container elementor-column-gap-default\">\n\t\t\t\t\t<div class=\"elementor-column elementor-col-100 elementor-top-column elementor-element elementor-element-e3de14b\" data-id=\"e3de14b\" data-element_type=\"column\" data-e-type=\"column\">\n\t\t\t<div class=\"elementor-widget-wrap elementor-element-populated\">\n\t\t\t\t\t\t<div class=\"elementor-element elementor-element-3c3ee4d2 elementor-widget elementor-widget-heading\" data-id=\"3c3ee4d2\" data-element_type=\"widget\" data-e-type=\"widget\" data-widget_type=\"heading.default\">\n\t\t\t\t<div class=\"elementor-widget-container\">\n\t\t\t\t\t<h1 class=\"elementor-heading-title elementor-size-default\">De Allier met de fiets<\/h1>\t\t\t\t<\/div>\n\t\t\t\t<\/div>\n\t\t\t\t\t<\/div>\n\t\t<\/div>\n\t\t\t\t\t<\/div>\n\t\t<\/section>\n\t\t\t\t<section class=\"elementor-section elementor-top-section elementor-element elementor-element-b22519b elementor-section-boxed elementor-section-height-default elementor-section-height-default\" data-id=\"b22519b\" data-element_type=\"section\" data-e-type=\"section\">\n\t\t\t\t\t\t<div class=\"elementor-container elementor-column-gap-no\">\n\t\t\t\t\t<div class=\"elementor-column elementor-col-100 elementor-top-column elementor-element elementor-element-7449fd54\" data-id=\"7449fd54\" data-element_type=\"column\" data-e-type=\"column\">\n\t\t\t<div class=\"elementor-widget-wrap elementor-element-populated\">\n\t\t\t\t\t\t<div class=\"elementor-element elementor-element-134686cb elementor-widget elementor-widget-heading\" data-id=\"134686cb\" data-element_type=\"widget\" data-e-type=\"widget\" data-widget_type=\"heading.default\">\n\t\t\t\t<div class=\"elementor-widget-container\">\n\t\t\t\t\t<h3 class=\"elementor-heading-title elementor-size-default\">Hotel de Paris Moulins<\/h3>\t\t\t\t<\/div>\n\t\t\t\t<\/div>\n\t\t\t\t<div class=\"elementor-element elementor-element-40d1eeca elementor-widget elementor-widget-heading\" data-id=\"40d1eeca\" data-element_type=\"widget\" data-e-type=\"widget\" data-widget_type=\"heading.default\">\n\t\t\t\t<div class=\"elementor-widget-container\">\n\t\t\t\t\t<h2 class=\"elementor-heading-title elementor-size-default\">De Allier op de fiets<br>rond Moulins<\/h2>\t\t\t\t<\/div>\n\t\t\t\t<\/div>\n\t\t\t\t<div class=\"elementor-element elementor-element-3f8b75e6 elementor-widget elementor-widget-text-editor\" data-id=\"3f8b75e6\" data-element_type=\"widget\" data-e-type=\"widget\" data-widget_type=\"text-editor.default\">\n\t\t\t\t<div class=\"elementor-widget-container\">\n\t\t\t\t\t\t\t\t\t<p>De Allier is een fietsdepartement, toegankelijk voor het hele gezin. Met zijn wilde natuur, rivieren, bossen en dorpen is dit vlakke departement ideaal om te fietsen. Aan de poort van de Auvergne ontdekt u valleien, vlakten en plateaus met schilderachtige vergezichten. <br \/>Fietsers zullen vooral het aantal rustige wegen, fietspaden en groene wegen in het departement op prijs stellen. De fietsroute in de Auvergne, die langs de rivier de Allier loopt en de stad Moulins aandoet, biedt een prachtig pastoraal landschap. <\/p>\t\t\t\t\t\t\t\t<\/div>\n\t\t\t\t<\/div>\n\t\t\t\t\t<\/div>\n\t\t<\/div>\n\t\t\t\t\t<\/div>\n\t\t<\/section>\n\t\t\t\t<section class=\"elementor-section elementor-top-section elementor-element elementor-element-707bc22d elementor-reverse-tablet elementor-reverse-mobile elementor-section-boxed elementor-section-height-default elementor-section-height-default\" data-id=\"707bc22d\" data-element_type=\"section\" data-e-type=\"section\" data-settings=\"{&quot;background_background&quot;:&quot;classic&quot;}\">\n\t\t\t\t\t\t<div class=\"elementor-container elementor-column-gap-default\">\n\t\t\t\t\t<div class=\"elementor-column elementor-col-50 elementor-top-column elementor-element elementor-element-24d62efb\" data-id=\"24d62efb\" data-element_type=\"column\" data-e-type=\"column\">\n\t\t\t<div class=\"elementor-widget-wrap elementor-element-populated\">\n\t\t\t\t\t\t<div class=\"elementor-element elementor-element-3ffed936 elementor-widget elementor-widget-heading\" data-id=\"3ffed936\" data-element_type=\"widget\" data-e-type=\"widget\" data-widget_type=\"heading.default\">\n\t\t\t\t<div class=\"elementor-widget-container\">\n\t\t\t\t\t<h2 class=\"elementor-heading-title elementor-size-default\"><a style=\"font-weight:400\">Ontdek<\/a> <br>\ngroenwegen<\/h2>\t\t\t\t<\/div>\n\t\t\t\t<\/div>\n\t\t\t\t<div class=\"elementor-element elementor-element-7650f606 elementor-widget elementor-widget-text-editor\" data-id=\"7650f606\" data-element_type=\"widget\" data-e-type=\"widget\" data-widget_type=\"text-editor.default\">\n\t\t\t\t<div class=\"elementor-widget-container\">\n\t\t\t\t\t\t\t\t\t<p>Dankzij haar beleid om fietsroutes over het hele grondgebied te ontwikkelen, biedt de Allier 1.500 kilometer aan routes, waarvan 60 kilometer aan groene wegen. <br \/>Ontdek de groene route Dompierre\/Diou\/Digoin, ideaal voor een bucolische wandeling langs sluizen, kanaalbruggen, aquaducten en zelfs een abdij, tot aan Le PAL. U kunt ook het Canal de Berry verkennen, dat aansluit op het For\u00eat de Tron\u00e7ais, en het Canal de Montlu\u00e7on\/N\u00e9ris-les-Bains, dat een oude spoorlijn volgt. Er zijn drie uitkijkpunten langs de route: vanaf het viaduct van Saint-Agathead, het viaduct van P\u00e9rassier en het viaduct van N\u00e9ris.<\/p>\t\t\t\t\t\t\t\t<\/div>\n\t\t\t\t<\/div>\n\t\t\t\t\t<\/div>\n\t\t<\/div>\n\t\t\t\t<div class=\"elementor-column elementor-col-50 elementor-top-column elementor-element elementor-element-7970fa23\" data-id=\"7970fa23\" data-element_type=\"column\" data-e-type=\"column\" data-settings=\"{&quot;background_background&quot;:&quot;classic&quot;}\">\n\t\t\t<div class=\"elementor-widget-wrap elementor-element-populated\">\n\t\t\t\t\t\t<div class=\"elementor-element elementor-element-7ce00d57 elementor-widget elementor-widget-spacer\" data-id=\"7ce00d57\" data-element_type=\"widget\" data-e-type=\"widget\" data-widget_type=\"spacer.default\">\n\t\t\t\t<div class=\"elementor-widget-container\">\n\t\t\t\t\t\t\t<div class=\"elementor-spacer\">\n\t\t\t<div class=\"elementor-spacer-inner\"><\/div>\n\t\t<\/div>\n\t\t\t\t\t\t<\/div>\n\t\t\t\t<\/div>\n\t\t\t\t\t<\/div>\n\t\t<\/div>\n\t\t\t\t\t<\/div>\n\t\t<\/section>\n\t\t\t\t<section class=\"elementor-section elementor-top-section elementor-element elementor-element-d554524 elementor-section-boxed elementor-section-height-default elementor-section-height-default\" data-id=\"d554524\" data-element_type=\"section\" data-e-type=\"section\">\n\t\t\t\t\t\t<div class=\"elementor-container elementor-column-gap-default\">\n\t\t\t\t\t<div class=\"elementor-column elementor-col-100 elementor-top-column elementor-element elementor-element-1040326f\" data-id=\"1040326f\" data-element_type=\"column\" data-e-type=\"column\">\n\t\t\t<div class=\"elementor-widget-wrap elementor-element-populated\">\n\t\t\t\t\t\t<div class=\"elementor-element elementor-element-379665c8 elementor-widget elementor-widget-heading\" data-id=\"379665c8\" data-element_type=\"widget\" data-e-type=\"widget\" data-widget_type=\"heading.default\">\n\t\t\t\t<div class=\"elementor-widget-container\">\n\t\t\t\t\t<h3 class=\"elementor-heading-title elementor-size-default\">Ontdek onze andere toeristische bestemmingen<\/h3>\t\t\t\t<\/div>\n\t\t\t\t<\/div>\n\t\t\t\t<div class=\"elementor-element elementor-element-61f208e2 elementor--h-position-center elementor--v-position-middle elementor-arrows-position-inside elementor-widget elementor-widget-slides\" data-id=\"61f208e2\" data-element_type=\"widget\" data-e-type=\"widget\" data-settings=\"{&quot;navigation&quot;:&quot;arrows&quot;,&quot;autoplay&quot;:&quot;yes&quot;,&quot;pause_on_hover&quot;:&quot;yes&quot;,&quot;pause_on_interaction&quot;:&quot;yes&quot;,&quot;autoplay_speed&quot;:5000,&quot;infinite&quot;:&quot;yes&quot;,&quot;transition&quot;:&quot;slide&quot;,&quot;transition_speed&quot;:500}\" data-widget_type=\"slides.default\">\n\t\t\t\t<div class=\"elementor-widget-container\">\n\t\t\t\t\t\t\t\t\t<div class=\"elementor-swiper\">\n\t\t\t\t\t<div class=\"elementor-slides-wrapper elementor-main-swiper swiper\" role=\"region\" aria-roledescription=\"carousel\" aria-label=\"Diapositives\" dir=\"ltr\" data-animation=\"fadeInRight\">\n\t\t\t\t<div class=\"swiper-wrapper elementor-slides\">\n\t\t\t\t\t\t\t\t\t\t<div class=\"elementor-repeater-item-cabd65a swiper-slide\" role=\"group\" aria-roledescription=\"slide\"><div class=\"swiper-slide-bg\" role=\"img\" aria-label=\"la-foret-de-troncais\"><\/div><div class=\"elementor-background-overlay\"><\/div><a class=\"swiper-slide-inner\" href=\"https:\/\/www.hoteldeparis-moulins.com\/nl\/ontdekkingsactiviteiten\/bos-van-troncais\/\"><div class=\"swiper-slide-contents\"><div class=\"elementor-slide-heading\">Bos van Tron\u00e7ais<\/div><\/div><\/a><\/div><div class=\"elementor-repeater-item-9f1af72 swiper-slide\" role=\"group\" aria-roledescription=\"slide\"><div class=\"swiper-slide-bg\" role=\"img\" aria-label=\"le-cncs\"><\/div><div class=\"elementor-background-overlay\"><\/div><a class=\"swiper-slide-inner\" href=\"https:\/\/www.hoteldeparis-moulins.com\/nl\/ontdekkingsactiviteiten\/de-cncs\/\"><div class=\"swiper-slide-contents\"><div class=\"elementor-slide-heading\">De CNCS<\/div><\/div><\/a><\/div><div class=\"elementor-repeater-item-7dc4058 swiper-slide\" role=\"group\" aria-roledescription=\"slide\"><div class=\"swiper-slide-bg\" role=\"img\" aria-label=\"le-pal-st-pourcain\"><\/div><div class=\"elementor-background-overlay\"><\/div><a class=\"swiper-slide-inner\" href=\"https:\/\/www.hoteldeparis-moulins.com\/nl\/ontdekkingsactiviteiten\/vriend\/\"><div class=\"swiper-slide-contents\"><div class=\"elementor-slide-heading\">De LAP<\/div><\/div><\/a><\/div><div class=\"elementor-repeater-item-7d17798 swiper-slide\" role=\"group\" aria-roledescription=\"slide\"><div class=\"swiper-slide-bg\" role=\"img\" aria-label=\"toerisme-moulins-hotel-de-paris\"><\/div><div class=\"elementor-background-overlay\"><\/div><a class=\"swiper-slide-inner\" href=\"https:\/\/www.hoteldeparis-moulins.com\/nl\/ontdekkingsactiviteiten\/de-mooiste-dorpen-in-lallier\/\"><div class=\"swiper-slide-contents\"><div class=\"elementor-slide-heading\">De mooiste dorpen van de Allier<\/div><\/div><\/a><\/div><div class=\"elementor-repeater-item-448f495 swiper-slide\" role=\"group\" aria-roledescription=\"slide\"><div class=\"swiper-slide-bg\" role=\"img\" aria-label=\"vignoble-st-pourcain\"><\/div><div class=\"elementor-background-overlay\"><\/div><a class=\"swiper-slide-inner\" href=\"https:\/\/www.hoteldeparis-moulins.com\/nl\/ontdekkingsactiviteiten\/de-wijngaarden\/\"><div class=\"swiper-slide-contents\"><div class=\"elementor-slide-heading\">De wijngaarden<\/div><\/div><\/a><\/div><div class=\"elementor-repeater-item-25388de swiper-slide\" role=\"group\" aria-roledescription=\"slide\"><div class=\"swiper-slide-bg\" role=\"img\" aria-label=\"abbaye-de-souvigny\"><\/div><div class=\"elementor-background-overlay\"><\/div><a class=\"swiper-slide-inner\" href=\"https:\/\/www.hoteldeparis-moulins.com\/nl\/ontdekkingsactiviteiten\/souvigny\/\"><div class=\"swiper-slide-contents\"><div class=\"elementor-slide-heading\">Souvigny<\/div><\/div><\/a><\/div><div class=\"elementor-repeater-item-0e66043 swiper-slide\" role=\"group\" aria-roledescription=\"slide\"><div class=\"swiper-slide-bg\" role=\"img\" aria-label=\"straat-kunst-stad\"><\/div><div class=\"elementor-background-overlay\"><\/div><a class=\"swiper-slide-inner\" href=\"https:\/\/www.hoteldeparis-moulins.com\/nl\/ontdekkingsactiviteiten\/straatkunst-stad\/\"><div class=\"swiper-slide-contents\"><div class=\"elementor-slide-heading\">Straat Kunst Stad<\/div><\/div><\/a><\/div>\t\t\t\t<\/div>\n\t\t\t\t\t\t\t\t\t\t\t\t\t\t\t<div class=\"elementor-swiper-button elementor-swiper-button-prev\" role=\"button\" tabindex=\"0\" aria-label=\"Diapositive pr\u00e9c\u00e9dente\">\n\t\t\t\t\t\t\t<i aria-hidden=\"true\" class=\"eicon-chevron-left\"><\/i>\t\t\t\t\t\t<\/div>\n\t\t\t\t\t\t<div class=\"elementor-swiper-button elementor-swiper-button-next\" role=\"button\" tabindex=\"0\" aria-label=\"Diapositive suivante\">\n\t\t\t\t\t\t\t<i aria-hidden=\"true\" class=\"eicon-chevron-right\"><\/i>\t\t\t\t\t\t<\/div>\n\t\t\t\t\t\t\t\t\t\t\t\t\t\t\t\t\t<\/div>\n\t\t\t\t<\/div>\n\t\t\t\t\t\t\t\t<\/div>\n\t\t\t\t<\/div>\n\t\t\t\t\t<\/div>\n\t\t<\/div>\n\t\t\t\t\t<\/div>\n\t\t<\/section>\n\t\t\t\t<\/div>","protected":false},"excerpt":{"rendered":"<p>H\u00f4tel de Paris Moulins L&rsquo;Allier \u00e0 v\u00e9loautour de Moulins L\u2019Allier est un d\u00e9partement cyclable, accessible pour toute la famille. Avec sa nature sauvage, ses rivi\u00e8res, ses for\u00eats et ses villages, ce d\u00e9partement plat est id\u00e9al pour la randonn\u00e9e \u00e0 v\u00e9lo. Aux portes de l\u2019Auvergne, d\u00e9couvrez des vall\u00e9es, plaines et plateaux qui offrent des panoramas au [&hellip;]<\/p>\n","protected":false},"author":0,"featured_media":0,"parent":73,"menu_order":0,"comment_status":"closed","ping_status":"closed","template":"","meta":{"inline_featured_image":false,"footnotes":""},"class_list":["post-551","page","type-page","status-publish","hentry"],"_links":{"self":[{"href":"https:\/\/www.hoteldeparis-moulins.com\/nl\/wp-json\/wp\/v2\/pages\/551","targetHints":{"allow":["GET"]}}],"collection":[{"href":"https:\/\/www.hoteldeparis-moulins.com\/nl\/wp-json\/wp\/v2\/pages"}],"about":[{"href":"https:\/\/www.hoteldeparis-moulins.com\/nl\/wp-json\/wp\/v2\/types\/page"}],"replies":[{"embeddable":true,"href":"https:\/\/www.hoteldeparis-moulins.com\/nl\/wp-json\/wp\/v2\/comments?post=551"}],"version-history":[{"count":13,"href":"https:\/\/www.hoteldeparis-moulins.com\/nl\/wp-json\/wp\/v2\/pages\/551\/revisions"}],"predecessor-version":[{"id":1190,"href":"https:\/\/www.hoteldeparis-moulins.com\/nl\/wp-json\/wp\/v2\/pages\/551\/revisions\/1190"}],"up":[{"embeddable":true,"href":"https:\/\/www.hoteldeparis-moulins.com\/nl\/wp-json\/wp\/v2\/pages\/73"}],"wp:attachment":[{"href":"https:\/\/www.hoteldeparis-moulins.com\/nl\/wp-json\/wp\/v2\/media?parent=551"}],"curies":[{"name":"wp","href":"https:\/\/api.w.org\/{rel}","templated":true}]}}