{"id":102,"date":"2021-10-28T12:04:29","date_gmt":"2021-10-28T10:04:29","guid":{"rendered":"https:\/\/www.hoteldeparis-moulins.com\/?page_id=102"},"modified":"2021-11-22T16:06:25","modified_gmt":"2021-11-22T15:06:25","slug":"straatkunst-stad","status":"publish","type":"page","link":"https:\/\/www.hoteldeparis-moulins.com\/nl\/activites-decouvertes\/street-art-city\/","title":{"rendered":"Straat Kunst Stad"},"content":{"rendered":"<div data-elementor-type=\"wp-page\" data-elementor-id=\"102\" class=\"elementor elementor-102\" data-elementor-post-type=\"page\">\n\t\t\t\t\t\t<section class=\"elementor-section elementor-top-section elementor-element elementor-element-589c04af elementor-section-height-min-height elementor-section-boxed elementor-section-height-default elementor-section-items-middle\" data-id=\"589c04af\" data-element_type=\"section\" data-e-type=\"section\" data-settings=\"{&quot;background_background&quot;:&quot;classic&quot;}\">\n\t\t\t\t\t\t\t<div class=\"elementor-background-overlay\"><\/div>\n\t\t\t\t\t\t\t<div class=\"elementor-container elementor-column-gap-default\">\n\t\t\t\t\t<div class=\"elementor-column elementor-col-100 elementor-top-column elementor-element elementor-element-3a723dd8\" data-id=\"3a723dd8\" data-element_type=\"column\" data-e-type=\"column\">\n\t\t\t<div class=\"elementor-widget-wrap elementor-element-populated\">\n\t\t\t\t\t\t<div class=\"elementor-element elementor-element-140c8afd elementor-widget elementor-widget-heading\" data-id=\"140c8afd\" data-element_type=\"widget\" data-e-type=\"widget\" data-widget_type=\"heading.default\">\n\t\t\t\t<div class=\"elementor-widget-container\">\n\t\t\t\t\t<h1 class=\"elementor-heading-title elementor-size-default\">Straat Kunst Stad<\/h1>\t\t\t\t<\/div>\n\t\t\t\t<\/div>\n\t\t\t\t\t<\/div>\n\t\t<\/div>\n\t\t\t\t\t<\/div>\n\t\t<\/section>\n\t\t\t\t<section class=\"elementor-section elementor-top-section elementor-element elementor-element-7b0d377d elementor-section-boxed elementor-section-height-default elementor-section-height-default\" data-id=\"7b0d377d\" data-element_type=\"section\" data-e-type=\"section\">\n\t\t\t\t\t\t<div class=\"elementor-container elementor-column-gap-no\">\n\t\t\t\t\t<div class=\"elementor-column elementor-col-100 elementor-top-column elementor-element elementor-element-78acd6d7\" data-id=\"78acd6d7\" data-element_type=\"column\" data-e-type=\"column\">\n\t\t\t<div class=\"elementor-widget-wrap elementor-element-populated\">\n\t\t\t\t\t\t<div class=\"elementor-element elementor-element-106ea35f elementor-widget elementor-widget-heading\" data-id=\"106ea35f\" data-element_type=\"widget\" data-e-type=\"widget\" data-widget_type=\"heading.default\">\n\t\t\t\t<div class=\"elementor-widget-container\">\n\t\t\t\t\t<h3 class=\"elementor-heading-title elementor-size-default\">Hotel de Paris Moulins<\/h3>\t\t\t\t<\/div>\n\t\t\t\t<\/div>\n\t\t\t\t<div class=\"elementor-element elementor-element-1ae7083b elementor-widget elementor-widget-heading\" data-id=\"1ae7083b\" data-element_type=\"widget\" data-e-type=\"widget\" data-widget_type=\"heading.default\">\n\t\t\t\t<div class=\"elementor-widget-container\">\n\t\t\t\t\t<h2 class=\"elementor-heading-title elementor-size-default\">Straat Kunst Stad<br> 40 min van het hotel<\/h2>\t\t\t\t<\/div>\n\t\t\t\t<\/div>\n\t\t\t\t<div class=\"elementor-element elementor-element-2404f2be elementor-widget elementor-widget-text-editor\" data-id=\"2404f2be\" data-element_type=\"widget\" data-e-type=\"widget\" data-widget_type=\"text-editor.default\">\n\t\t\t\t<div class=\"elementor-widget-container\">\n\t\t\t\t\t\t\t\t\t<p>Street Art City is een belangrijke plek voor straatkunst en een toeristische bestemming die u niet mag missen. Deze kunstenaarsresidentie gewijd aan straatkunst ligt in Lurcy-L\u00e9vis, in het noorden van de Allier, op ongeveer 40 minuten van Moulins en het H\u00f4tel de Paris.<br \/>Meer dan 300 kunstenaars uit 5 continenten hebben sinds de oprichting van deze plek in 2016 hun fresco's tentoongesteld op de 22.500 m\u00b2 aan muren. Duik in een uniek esthetisch universum, voor een totale onderdompeling in de artistieke composities van de Street Art City tentoonstellingen.<\/p>\t\t\t\t\t\t\t\t<\/div>\n\t\t\t\t<\/div>\n\t\t\t\t\t<\/div>\n\t\t<\/div>\n\t\t\t\t\t<\/div>\n\t\t<\/section>\n\t\t\t\t<section class=\"elementor-section elementor-top-section elementor-element elementor-element-37980c61 elementor-reverse-tablet elementor-reverse-mobile elementor-section-boxed elementor-section-height-default elementor-section-height-default\" data-id=\"37980c61\" data-element_type=\"section\" data-e-type=\"section\" data-settings=\"{&quot;background_background&quot;:&quot;classic&quot;}\">\n\t\t\t\t\t\t<div class=\"elementor-container elementor-column-gap-default\">\n\t\t\t\t\t<div class=\"elementor-column elementor-col-50 elementor-top-column elementor-element elementor-element-7de253a8\" data-id=\"7de253a8\" data-element_type=\"column\" data-e-type=\"column\">\n\t\t\t<div class=\"elementor-widget-wrap elementor-element-populated\">\n\t\t\t\t\t\t<div class=\"elementor-element elementor-element-18c92d2c elementor-widget elementor-widget-heading\" data-id=\"18c92d2c\" data-element_type=\"widget\" data-e-type=\"widget\" data-widget_type=\"heading.default\">\n\t\t\t\t<div class=\"elementor-widget-container\">\n\t\t\t\t\t<h2 class=\"elementor-heading-title elementor-size-default\"><a style=\"font-weight:400\">Ontdek<\/a> <br>\ntentoonstellingen<\/h2>\t\t\t\t<\/div>\n\t\t\t\t<\/div>\n\t\t\t\t<div class=\"elementor-element elementor-element-3dacc13b elementor-widget elementor-widget-text-editor\" data-id=\"3dacc13b\" data-element_type=\"widget\" data-e-type=\"widget\" data-widget_type=\"text-editor.default\">\n\t\t\t\t<div class=\"elementor-widget-container\">\n\t\t\t\t\t\t\t\t\t<p>Bezoek Street Art City en ontdek een honderdtal muurschilderingen in openlucht, het 128 Hotel en zijn 128 artistieke universums die door 128 kunstenaars van over de hele wereld werden bedacht, de openluchttentoonstelling \"Around the world of Street Art in 80 pictures\", een Artshop Gallery, de ateliers van de kunstenaars en een winkel. Een adembenemend avontuur!<\/p>\t\t\t\t\t\t\t\t<\/div>\n\t\t\t\t<\/div>\n\t\t\t\t\t<\/div>\n\t\t<\/div>\n\t\t\t\t<div class=\"elementor-column elementor-col-50 elementor-top-column elementor-element elementor-element-13964811\" data-id=\"13964811\" data-element_type=\"column\" data-e-type=\"column\" data-settings=\"{&quot;background_background&quot;:&quot;classic&quot;}\">\n\t\t\t<div class=\"elementor-widget-wrap elementor-element-populated\">\n\t\t\t\t\t\t<div class=\"elementor-element elementor-element-353cc9b9 elementor-widget elementor-widget-spacer\" data-id=\"353cc9b9\" data-element_type=\"widget\" data-e-type=\"widget\" data-widget_type=\"spacer.default\">\n\t\t\t\t<div class=\"elementor-widget-container\">\n\t\t\t\t\t\t\t<div class=\"elementor-spacer\">\n\t\t\t<div class=\"elementor-spacer-inner\"><\/div>\n\t\t<\/div>\n\t\t\t\t\t\t<\/div>\n\t\t\t\t<\/div>\n\t\t\t\t\t<\/div>\n\t\t<\/div>\n\t\t\t\t\t<\/div>\n\t\t<\/section>\n\t\t\t\t<section class=\"elementor-section elementor-top-section elementor-element elementor-element-1985db52 elementor-section-boxed elementor-section-height-default elementor-section-height-default\" data-id=\"1985db52\" data-element_type=\"section\" data-e-type=\"section\">\n\t\t\t\t\t\t<div class=\"elementor-container elementor-column-gap-default\">\n\t\t\t\t\t<div class=\"elementor-column elementor-col-100 elementor-top-column elementor-element elementor-element-5e50ee09\" data-id=\"5e50ee09\" data-element_type=\"column\" data-e-type=\"column\">\n\t\t\t<div class=\"elementor-widget-wrap elementor-element-populated\">\n\t\t\t\t\t\t<div class=\"elementor-element elementor-element-54dba9ba elementor-widget elementor-widget-heading\" data-id=\"54dba9ba\" data-element_type=\"widget\" data-e-type=\"widget\" data-widget_type=\"heading.default\">\n\t\t\t\t<div class=\"elementor-widget-container\">\n\t\t\t\t\t<h3 class=\"elementor-heading-title elementor-size-default\">Ontdek onze andere toeristische bestemmingen<\/h3>\t\t\t\t<\/div>\n\t\t\t\t<\/div>\n\t\t\t\t<div class=\"elementor-element elementor-element-15fce356 elementor--h-position-center elementor--v-position-middle elementor-arrows-position-inside elementor-widget elementor-widget-slides\" data-id=\"15fce356\" data-element_type=\"widget\" data-e-type=\"widget\" data-settings=\"{&quot;navigation&quot;:&quot;arrows&quot;,&quot;autoplay&quot;:&quot;yes&quot;,&quot;pause_on_hover&quot;:&quot;yes&quot;,&quot;pause_on_interaction&quot;:&quot;yes&quot;,&quot;autoplay_speed&quot;:5000,&quot;infinite&quot;:&quot;yes&quot;,&quot;transition&quot;:&quot;slide&quot;,&quot;transition_speed&quot;:500}\" data-widget_type=\"slides.default\">\n\t\t\t\t<div class=\"elementor-widget-container\">\n\t\t\t\t\t\t\t\t\t<div class=\"elementor-swiper\">\n\t\t\t\t\t<div class=\"elementor-slides-wrapper elementor-main-swiper swiper\" role=\"region\" aria-roledescription=\"carousel\" aria-label=\"Slides\" dir=\"ltr\" data-animation=\"fadeInRight\" data-no-translation-aria-label=\"\">\n\t\t\t\t<div class=\"swiper-wrapper elementor-slides\">\n\t\t\t\t\t\t\t\t\t\t<div class=\"elementor-repeater-item-cabd65a swiper-slide\" role=\"group\" aria-roledescription=\"slide\"><div class=\"swiper-slide-bg\" role=\"img\" aria-label=\"randonn\u00e9-v\u00e9lo-allier\"><\/div><div class=\"elementor-background-overlay\"><\/div><a class=\"swiper-slide-inner\" href=\"https:\/\/www.hoteldeparis-moulins.com\/nl\/ontdekkingsactiviteiten\/lallier-op-de-fiets\/\"><div class=\"swiper-slide-contents\"><div class=\"elementor-slide-heading\">De Allier met de fiets<\/div><\/div><\/a><\/div><div class=\"elementor-repeater-item-9f1af72 swiper-slide\" role=\"group\" aria-roledescription=\"slide\"><div class=\"swiper-slide-bg\" role=\"img\" aria-label=\"le-cncs\"><\/div><div class=\"elementor-background-overlay\"><\/div><a class=\"swiper-slide-inner\" href=\"https:\/\/www.hoteldeparis-moulins.com\/nl\/ontdekkingsactiviteiten\/de-cncs\/\"><div class=\"swiper-slide-contents\"><div class=\"elementor-slide-heading\">De CNCS<\/div><\/div><\/a><\/div><div class=\"elementor-repeater-item-7dc4058 swiper-slide\" role=\"group\" aria-roledescription=\"slide\"><div class=\"swiper-slide-bg\" role=\"img\" aria-label=\"le-pal-st-pourcain\"><\/div><div class=\"elementor-background-overlay\"><\/div><a class=\"swiper-slide-inner\" href=\"https:\/\/www.hoteldeparis-moulins.com\/nl\/ontdekkingsactiviteiten\/vriend\/\"><div class=\"swiper-slide-contents\"><div class=\"elementor-slide-heading\">De LAP<\/div><\/div><\/a><\/div><div class=\"elementor-repeater-item-7d17798 swiper-slide\" role=\"group\" aria-roledescription=\"slide\"><div class=\"swiper-slide-bg\" role=\"img\" aria-label=\"tourisme-moulins-hotel-de-paris\"><\/div><div class=\"elementor-background-overlay\"><\/div><a class=\"swiper-slide-inner\" href=\"https:\/\/www.hoteldeparis-moulins.com\/nl\/ontdekkingsactiviteiten\/de-mooiste-dorpen-in-lallier\/\"><div class=\"swiper-slide-contents\"><div class=\"elementor-slide-heading\">De mooiste dorpen van de Allier<\/div><\/div><\/a><\/div><div class=\"elementor-repeater-item-448f495 swiper-slide\" role=\"group\" aria-roledescription=\"slide\"><div class=\"swiper-slide-bg\" role=\"img\" aria-label=\"vignoble-st-pourcain\"><\/div><div class=\"elementor-background-overlay\"><\/div><a class=\"swiper-slide-inner\" href=\"https:\/\/www.hoteldeparis-moulins.com\/nl\/ontdekkingsactiviteiten\/de-wijngaarden\/\"><div class=\"swiper-slide-contents\"><div class=\"elementor-slide-heading\">De wijngaarden<\/div><\/div><\/a><\/div><div class=\"elementor-repeater-item-25388de swiper-slide\" role=\"group\" aria-roledescription=\"slide\"><div class=\"swiper-slide-bg\" role=\"img\" aria-label=\"abbaye-de-souvigny\"><\/div><div class=\"elementor-background-overlay\"><\/div><a class=\"swiper-slide-inner\" href=\"https:\/\/www.hoteldeparis-moulins.com\/nl\/ontdekkingsactiviteiten\/souvigny\/\"><div class=\"swiper-slide-contents\"><div class=\"elementor-slide-heading\">Souvigny<\/div><\/div><\/a><\/div><div class=\"elementor-repeater-item-0e66043 swiper-slide\" role=\"group\" aria-roledescription=\"slide\"><div class=\"swiper-slide-bg\" role=\"img\" aria-label=\"la-foret-de-troncais\"><\/div><div class=\"elementor-background-overlay\"><\/div><a class=\"swiper-slide-inner\" href=\"https:\/\/www.hoteldeparis-moulins.com\/nl\/ontdekkingsactiviteiten\/bos-van-troncais\/\"><div class=\"swiper-slide-contents\"><div class=\"elementor-slide-heading\">Bos van Tron\u00e7ais<\/div><\/div><\/a><\/div>\t\t\t\t<\/div>\n\t\t\t\t\t\t\t\t\t\t\t\t\t\t\t<div class=\"elementor-swiper-button elementor-swiper-button-prev\" role=\"button\" tabindex=\"0\" aria-label=\"Previous slide\" data-no-translation-aria-label=\"\">\n\t\t\t\t\t\t\t<i aria-hidden=\"true\" class=\"eicon-chevron-left\"><\/i>\t\t\t\t\t\t<\/div>\n\t\t\t\t\t\t<div class=\"elementor-swiper-button elementor-swiper-button-next\" role=\"button\" tabindex=\"0\" aria-label=\"Next slide\" data-no-translation-aria-label=\"\">\n\t\t\t\t\t\t\t<i aria-hidden=\"true\" class=\"eicon-chevron-right\"><\/i>\t\t\t\t\t\t<\/div>\n\t\t\t\t\t\t\t\t\t\t\t\t\t\t\t\t\t<\/div>\n\t\t\t\t<\/div>\n\t\t\t\t\t\t\t\t<\/div>\n\t\t\t\t<\/div>\n\t\t\t\t\t<\/div>\n\t\t<\/div>\n\t\t\t\t\t<\/div>\n\t\t<\/section>\n\t\t\t\t<\/div>","protected":false},"excerpt":{"rendered":"<p>H\u00f4tel de Paris Moulins Street Art City \u00e0 40 min de l&rsquo;h\u00f4tel Street Art City est un haut lieu du street art, et une destination touristique incontournable. Cette r\u00e9sidence d&rsquo;artistes d\u00e9di\u00e9e au street art est install\u00e9e \u00e0 Lurcy-L\u00e9vis, au nord de l&rsquo;Allier, \u00e0 environ 40 minutes de Moulins et de l&rsquo;H\u00f4tel de Paris.Plus de 300 [&hellip;]<\/p>\n","protected":false},"author":0,"featured_media":0,"parent":73,"menu_order":0,"comment_status":"closed","ping_status":"closed","template":"","meta":{"inline_featured_image":false,"footnotes":""},"class_list":["post-102","page","type-page","status-publish","hentry"],"_links":{"self":[{"href":"https:\/\/www.hoteldeparis-moulins.com\/nl\/wp-json\/wp\/v2\/pages\/102","targetHints":{"allow":["GET"]}}],"collection":[{"href":"https:\/\/www.hoteldeparis-moulins.com\/nl\/wp-json\/wp\/v2\/pages"}],"about":[{"href":"https:\/\/www.hoteldeparis-moulins.com\/nl\/wp-json\/wp\/v2\/types\/page"}],"replies":[{"embeddable":true,"href":"https:\/\/www.hoteldeparis-moulins.com\/nl\/wp-json\/wp\/v2\/comments?post=102"}],"version-history":[{"count":32,"href":"https:\/\/www.hoteldeparis-moulins.com\/nl\/wp-json\/wp\/v2\/pages\/102\/revisions"}],"predecessor-version":[{"id":1178,"href":"https:\/\/www.hoteldeparis-moulins.com\/nl\/wp-json\/wp\/v2\/pages\/102\/revisions\/1178"}],"up":[{"embeddable":true,"href":"https:\/\/www.hoteldeparis-moulins.com\/nl\/wp-json\/wp\/v2\/pages\/73"}],"wp:attachment":[{"href":"https:\/\/www.hoteldeparis-moulins.com\/nl\/wp-json\/wp\/v2\/media?parent=102"}],"curies":[{"name":"wp","href":"https:\/\/api.w.org\/{rel}","templated":true}]}}