{"id":95,"date":"2021-10-28T12:01:35","date_gmt":"2021-10-28T10:01:35","guid":{"rendered":"https:\/\/www.hoteldeparis-moulins.com\/?page_id=95"},"modified":"2021-11-22T12:29:48","modified_gmt":"2021-11-22T11:29:48","slug":"souvigny","status":"publish","type":"page","link":"https:\/\/www.hoteldeparis-moulins.com\/en\/activites-decouvertes\/souvigny\/","title":{"rendered":"Souvigny"},"content":{"rendered":"<div data-elementor-type=\"wp-page\" data-elementor-id=\"95\" class=\"elementor elementor-95\" data-elementor-post-type=\"page\">\n\t\t\t\t\t\t<section class=\"elementor-section elementor-top-section elementor-element elementor-element-765579f6 elementor-section-height-min-height elementor-section-boxed elementor-section-height-default elementor-section-items-middle\" data-id=\"765579f6\" data-element_type=\"section\" data-e-type=\"section\" data-settings=\"{&quot;background_background&quot;:&quot;classic&quot;}\">\n\t\t\t\t\t\t\t<div class=\"elementor-background-overlay\"><\/div>\n\t\t\t\t\t\t\t<div class=\"elementor-container elementor-column-gap-default\">\n\t\t\t\t\t<div class=\"elementor-column elementor-col-100 elementor-top-column elementor-element elementor-element-1be851b3\" data-id=\"1be851b3\" data-element_type=\"column\" data-e-type=\"column\">\n\t\t\t<div class=\"elementor-widget-wrap elementor-element-populated\">\n\t\t\t\t\t\t<div class=\"elementor-element elementor-element-461c3448 elementor-widget elementor-widget-heading\" data-id=\"461c3448\" data-element_type=\"widget\" data-e-type=\"widget\" data-widget_type=\"heading.default\">\n\t\t\t\t<div class=\"elementor-widget-container\">\n\t\t\t\t\t<h1 class=\"elementor-heading-title elementor-size-default\">Souvigny<\/h1>\t\t\t\t<\/div>\n\t\t\t\t<\/div>\n\t\t\t\t\t<\/div>\n\t\t<\/div>\n\t\t\t\t\t<\/div>\n\t\t<\/section>\n\t\t\t\t<section class=\"elementor-section elementor-top-section elementor-element elementor-element-2434e5f1 elementor-section-boxed elementor-section-height-default elementor-section-height-default\" data-id=\"2434e5f1\" data-element_type=\"section\" data-e-type=\"section\">\n\t\t\t\t\t\t<div class=\"elementor-container elementor-column-gap-no\">\n\t\t\t\t\t<div class=\"elementor-column elementor-col-100 elementor-top-column elementor-element elementor-element-58e4136\" data-id=\"58e4136\" data-element_type=\"column\" data-e-type=\"column\">\n\t\t\t<div class=\"elementor-widget-wrap elementor-element-populated\">\n\t\t\t\t\t\t<div class=\"elementor-element elementor-element-6e41f916 elementor-widget elementor-widget-heading\" data-id=\"6e41f916\" data-element_type=\"widget\" data-e-type=\"widget\" data-widget_type=\"heading.default\">\n\t\t\t\t<div class=\"elementor-widget-container\">\n\t\t\t\t\t<h3 class=\"elementor-heading-title elementor-size-default\">Hotel de Paris Moulins<\/h3>\t\t\t\t<\/div>\n\t\t\t\t<\/div>\n\t\t\t\t<div class=\"elementor-element elementor-element-36ee7d07 elementor-widget elementor-widget-heading\" data-id=\"36ee7d07\" data-element_type=\"widget\" data-e-type=\"widget\" data-widget_type=\"heading.default\">\n\t\t\t\t<div class=\"elementor-widget-container\">\n\t\t\t\t\t<h2 class=\"elementor-heading-title elementor-size-default\">The abbey of Souvigny <br>15 minutes from the Hotel de Paris<\/h2>\t\t\t\t<\/div>\n\t\t\t\t<\/div>\n\t\t\t\t<div class=\"elementor-element elementor-element-5065f663 elementor-widget elementor-widget-text-editor\" data-id=\"5065f663\" data-element_type=\"widget\" data-e-type=\"widget\" data-widget_type=\"text-editor.default\">\n\t\t\t\t<div class=\"elementor-widget-container\">\n\t\t\t\t\t\t\t\t\t<p>12 kilometres from Moulins, the Abbey of Souvigny, once the necropolis of the Dukes of Bourbon, is a site not to be missed during your stay in the Allier. A dependency of Cluny Abbey, founded in 916, Souvigny quickly became a major centre of pilgrimage in the Middle Ages. <br \/>A walking tour allows you to discover the different jewels of this abbey. It takes you to the church of Saint-Pierre and Saint-Paul, the largest religious building in the Bourbonnais. Built between the 10th and 15th centuries, it has a double transept and houses the graves of the Dukes of Bourbon and their wives. <br \/>Your tour then continues through the Priory garden, a true reconstruction of French gardens from the 17th and 18th centuries. Here you can discover rare or old varieties of vegetables and many medicinal and aromatic plants.<\/p>\t\t\t\t\t\t\t\t<\/div>\n\t\t\t\t<\/div>\n\t\t\t\t\t<\/div>\n\t\t<\/div>\n\t\t\t\t\t<\/div>\n\t\t<\/section>\n\t\t\t\t<section class=\"elementor-section elementor-top-section elementor-element elementor-element-7ef14a43 elementor-reverse-tablet elementor-reverse-mobile elementor-section-boxed elementor-section-height-default elementor-section-height-default\" data-id=\"7ef14a43\" data-element_type=\"section\" data-e-type=\"section\" data-settings=\"{&quot;background_background&quot;:&quot;classic&quot;}\">\n\t\t\t\t\t\t<div class=\"elementor-container elementor-column-gap-default\">\n\t\t\t\t\t<div class=\"elementor-column elementor-col-50 elementor-top-column elementor-element elementor-element-2c49996b\" data-id=\"2c49996b\" data-element_type=\"column\" data-e-type=\"column\">\n\t\t\t<div class=\"elementor-widget-wrap elementor-element-populated\">\n\t\t\t\t\t\t<div class=\"elementor-element elementor-element-5e65a9f9 elementor-widget elementor-widget-heading\" data-id=\"5e65a9f9\" data-element_type=\"widget\" data-e-type=\"widget\" data-widget_type=\"heading.default\">\n\t\t\t\t<div class=\"elementor-widget-container\">\n\t\t\t\t\t<h2 class=\"elementor-heading-title elementor-size-default\"><a style=\"font-weight:400\">Discover<\/a> <br>\nthe commune of Souvigny<\/h2>\t\t\t\t<\/div>\n\t\t\t\t<\/div>\n\t\t\t\t<div class=\"elementor-element elementor-element-4c7738bc elementor-widget elementor-widget-text-editor\" data-id=\"4c7738bc\" data-element_type=\"widget\" data-e-type=\"widget\" data-widget_type=\"text-editor.default\">\n\t\t\t\t<div class=\"elementor-widget-container\">\n\t\t\t\t\t\t\t\t\t<p>Visit the medieval village of Souvigny, only 15 minutes from our charming hotel in Moulins. A real haven of peace in the Allier department, this Bourbonnais commune will charm you with its streets, its gardens and its exceptional places of interest and culture.<\/p><p>The Souvigny museum invites you to discover its numerous exhibitions retracing the archaeological and cultural heritage of the commune. As you wander through the museum's galleries, you will be able to contemplate the Zodiac column, the numerous archaeological discoveries dating back several centuries or the fantastic collections of period costumes. Each year the museum changes its collections to a different theme, giving you the opportunity to discover exceptional exhibitions.<\/p>\t\t\t\t\t\t\t\t<\/div>\n\t\t\t\t<\/div>\n\t\t\t\t\t<\/div>\n\t\t<\/div>\n\t\t\t\t<div class=\"elementor-column elementor-col-50 elementor-top-column elementor-element elementor-element-73126335\" data-id=\"73126335\" data-element_type=\"column\" data-e-type=\"column\" data-settings=\"{&quot;background_background&quot;:&quot;classic&quot;}\">\n\t\t\t<div class=\"elementor-widget-wrap elementor-element-populated\">\n\t\t\t\t\t\t<div class=\"elementor-element elementor-element-577515f3 elementor-widget elementor-widget-spacer\" data-id=\"577515f3\" data-element_type=\"widget\" data-e-type=\"widget\" data-widget_type=\"spacer.default\">\n\t\t\t\t<div class=\"elementor-widget-container\">\n\t\t\t\t\t\t\t<div class=\"elementor-spacer\">\n\t\t\t<div class=\"elementor-spacer-inner\"><\/div>\n\t\t<\/div>\n\t\t\t\t\t\t<\/div>\n\t\t\t\t<\/div>\n\t\t\t\t\t<\/div>\n\t\t<\/div>\n\t\t\t\t\t<\/div>\n\t\t<\/section>\n\t\t\t\t<section class=\"elementor-section elementor-top-section elementor-element elementor-element-552ca0cc elementor-section-boxed elementor-section-height-default elementor-section-height-default\" data-id=\"552ca0cc\" data-element_type=\"section\" data-e-type=\"section\">\n\t\t\t\t\t\t<div class=\"elementor-container elementor-column-gap-default\">\n\t\t\t\t\t<div class=\"elementor-column elementor-col-100 elementor-top-column elementor-element elementor-element-6afe61ff\" data-id=\"6afe61ff\" data-element_type=\"column\" data-e-type=\"column\">\n\t\t\t<div class=\"elementor-widget-wrap elementor-element-populated\">\n\t\t\t\t\t\t<div class=\"elementor-element elementor-element-4de877f5 elementor-widget elementor-widget-heading\" data-id=\"4de877f5\" data-element_type=\"widget\" data-e-type=\"widget\" data-widget_type=\"heading.default\">\n\t\t\t\t<div class=\"elementor-widget-container\">\n\t\t\t\t\t<h3 class=\"elementor-heading-title elementor-size-default\">Discover our other tourist destinations<\/h3>\t\t\t\t<\/div>\n\t\t\t\t<\/div>\n\t\t\t\t<div class=\"elementor-element elementor-element-1637a5f elementor--h-position-center elementor--v-position-middle elementor-arrows-position-inside elementor-widget elementor-widget-slides\" data-id=\"1637a5f\" data-element_type=\"widget\" data-e-type=\"widget\" data-settings=\"{&quot;navigation&quot;:&quot;arrows&quot;,&quot;autoplay&quot;:&quot;yes&quot;,&quot;pause_on_hover&quot;:&quot;yes&quot;,&quot;pause_on_interaction&quot;:&quot;yes&quot;,&quot;autoplay_speed&quot;:5000,&quot;infinite&quot;:&quot;yes&quot;,&quot;transition&quot;:&quot;slide&quot;,&quot;transition_speed&quot;:500}\" data-widget_type=\"slides.default\">\n\t\t\t\t<div class=\"elementor-widget-container\">\n\t\t\t\t\t\t\t\t\t<div class=\"elementor-swiper\">\n\t\t\t\t\t<div class=\"elementor-slides-wrapper elementor-main-swiper swiper\" role=\"region\" aria-roledescription=\"carousel\" aria-label=\"Slides\" dir=\"ltr\" data-animation=\"fadeInRight\" data-no-translation-aria-label=\"\">\n\t\t\t\t<div class=\"swiper-wrapper elementor-slides\">\n\t\t\t\t\t\t\t\t\t\t<div class=\"elementor-repeater-item-cabd65a swiper-slide\" role=\"group\" aria-roledescription=\"slide\"><div class=\"swiper-slide-bg\" role=\"img\" aria-label=\"randonn\u00e9-v\u00e9lo-allier\"><\/div><div class=\"elementor-background-overlay\"><\/div><a class=\"swiper-slide-inner\" href=\"https:\/\/www.hoteldeparis-moulins.com\/en\/discovery-activities\/lallier-by-bike\/\"><div class=\"swiper-slide-contents\"><div class=\"elementor-slide-heading\">The Allier by Bike<\/div><\/div><\/a><\/div><div class=\"elementor-repeater-item-9f1af72 swiper-slide\" role=\"group\" aria-roledescription=\"slide\"><div class=\"swiper-slide-bg\" role=\"img\" aria-label=\"le-cncs\"><\/div><div class=\"elementor-background-overlay\"><\/div><a class=\"swiper-slide-inner\" href=\"https:\/\/www.hoteldeparis-moulins.com\/en\/discovery-activities\/the-cncs\/\"><div class=\"swiper-slide-contents\"><div class=\"elementor-slide-heading\">The CNCS<\/div><\/div><\/a><\/div><div class=\"elementor-repeater-item-7dc4058 swiper-slide\" role=\"group\" aria-roledescription=\"slide\"><div class=\"swiper-slide-bg\" role=\"img\" aria-label=\"le-pal-st-pourcain\"><\/div><div class=\"elementor-background-overlay\"><\/div><a class=\"swiper-slide-inner\" href=\"https:\/\/www.hoteldeparis-moulins.com\/en\/discovery-activities\/le-pal\/\"><div class=\"swiper-slide-contents\"><div class=\"elementor-slide-heading\">The LAP<\/div><\/div><\/a><\/div><div class=\"elementor-repeater-item-7d17798 swiper-slide\" role=\"group\" aria-roledescription=\"slide\"><div class=\"swiper-slide-bg\" role=\"img\" aria-label=\"tourisme-moulins-hotel-de-paris\"><\/div><div class=\"elementor-background-overlay\"><\/div><a class=\"swiper-slide-inner\" href=\"https:\/\/www.hoteldeparis-moulins.com\/en\/discovery-activities\/the-most-beautiful-villages-in-lallier\/\"><div class=\"swiper-slide-contents\"><div class=\"elementor-slide-heading\">The most beautiful villages of the Allier<\/div><\/div><\/a><\/div><div class=\"elementor-repeater-item-448f495 swiper-slide\" role=\"group\" aria-roledescription=\"slide\"><div class=\"swiper-slide-bg\" role=\"img\" aria-label=\"vignoble-st-pourcain\"><\/div><div class=\"elementor-background-overlay\"><\/div><a class=\"swiper-slide-inner\" href=\"https:\/\/www.hoteldeparis-moulins.com\/en\/discovery-activities\/the-vineyards\/\"><div class=\"swiper-slide-contents\"><div class=\"elementor-slide-heading\">The Vineyards<\/div><\/div><\/a><\/div><div class=\"elementor-repeater-item-25388de swiper-slide\" role=\"group\" aria-roledescription=\"slide\"><div class=\"swiper-slide-bg\" role=\"img\" aria-label=\"la-foret-de-troncais\"><\/div><div class=\"elementor-background-overlay\"><\/div><a class=\"swiper-slide-inner\" href=\"https:\/\/www.hoteldeparis-moulins.com\/en\/discovery-activities\/troncais-forest\/\"><div class=\"swiper-slide-contents\"><div class=\"elementor-slide-heading\">Tron\u00e7ais Forest<\/div><\/div><\/a><\/div><div class=\"elementor-repeater-item-0e66043 swiper-slide\" role=\"group\" aria-roledescription=\"slide\"><div class=\"swiper-slide-bg\" role=\"img\" aria-label=\"street-art-city\"><\/div><div class=\"elementor-background-overlay\"><\/div><a class=\"swiper-slide-inner\" href=\"https:\/\/www.hoteldeparis-moulins.com\/en\/discovery-activities\/street-art-city\/\"><div class=\"swiper-slide-contents\"><div class=\"elementor-slide-heading\">Street Art City<\/div><\/div><\/a><\/div>\t\t\t\t<\/div>\n\t\t\t\t\t\t\t\t\t\t\t\t\t\t\t<div class=\"elementor-swiper-button elementor-swiper-button-prev\" role=\"button\" tabindex=\"0\" aria-label=\"Previous slide\" data-no-translation-aria-label=\"\">\n\t\t\t\t\t\t\t<i aria-hidden=\"true\" class=\"eicon-chevron-left\"><\/i>\t\t\t\t\t\t<\/div>\n\t\t\t\t\t\t<div class=\"elementor-swiper-button elementor-swiper-button-next\" role=\"button\" tabindex=\"0\" aria-label=\"Next slide\" data-no-translation-aria-label=\"\">\n\t\t\t\t\t\t\t<i aria-hidden=\"true\" class=\"eicon-chevron-right\"><\/i>\t\t\t\t\t\t<\/div>\n\t\t\t\t\t\t\t\t\t\t\t\t\t\t\t\t\t<\/div>\n\t\t\t\t<\/div>\n\t\t\t\t\t\t\t\t<\/div>\n\t\t\t\t<\/div>\n\t\t\t\t\t<\/div>\n\t\t<\/div>\n\t\t\t\t\t<\/div>\n\t\t<\/section>\n\t\t\t\t<\/div>","protected":false},"excerpt":{"rendered":"<p>H\u00f4tel de Paris Moulins L\u2019abbaye de Souvigny \u00e0 15 minutes de l\u2019H\u00f4tel de Paris \u00c0 12 kilom\u00e8tres de Moulins, l&rsquo;Abbaye de Souvigny, autrefois n\u00e9cropole des Ducs de Bourbon, est un site qu&rsquo;il ne faut pas manquer lors de votre s\u00e9jour dans l\u2019Allier. D\u00e9pendance de l&rsquo;abbaye de Cluny, fond\u00e9e en 916, Souvigny devient rapidement un grand [&hellip;]<\/p>\n","protected":false},"author":0,"featured_media":0,"parent":73,"menu_order":0,"comment_status":"closed","ping_status":"closed","template":"","meta":{"inline_featured_image":false,"footnotes":""},"class_list":["post-95","page","type-page","status-publish","hentry"],"_links":{"self":[{"href":"https:\/\/www.hoteldeparis-moulins.com\/en\/wp-json\/wp\/v2\/pages\/95","targetHints":{"allow":["GET"]}}],"collection":[{"href":"https:\/\/www.hoteldeparis-moulins.com\/en\/wp-json\/wp\/v2\/pages"}],"about":[{"href":"https:\/\/www.hoteldeparis-moulins.com\/en\/wp-json\/wp\/v2\/types\/page"}],"replies":[{"embeddable":true,"href":"https:\/\/www.hoteldeparis-moulins.com\/en\/wp-json\/wp\/v2\/comments?post=95"}],"version-history":[{"count":36,"href":"https:\/\/www.hoteldeparis-moulins.com\/en\/wp-json\/wp\/v2\/pages\/95\/revisions"}],"predecessor-version":[{"id":1011,"href":"https:\/\/www.hoteldeparis-moulins.com\/en\/wp-json\/wp\/v2\/pages\/95\/revisions\/1011"}],"up":[{"embeddable":true,"href":"https:\/\/www.hoteldeparis-moulins.com\/en\/wp-json\/wp\/v2\/pages\/73"}],"wp:attachment":[{"href":"https:\/\/www.hoteldeparis-moulins.com\/en\/wp-json\/wp\/v2\/media?parent=95"}],"curies":[{"name":"wp","href":"https:\/\/api.w.org\/{rel}","templated":true}]}}